{"id":1016,"date":"2019-08-25T18:19:16","date_gmt":"2019-08-25T18:19:16","guid":{"rendered":"http:\/\/www.zsokagondolatok.nhely.hu\/?page_id=1016"},"modified":"2019-08-26T18:23:27","modified_gmt":"2019-08-26T18:23:27","slug":"egy-csodalatos-elme","status":"publish","type":"page","link":"http:\/\/www.zsokagondolatok.nhely.hu\/index.php\/aramszunet-alatt-olvassunk\/egy-csodalatos-elme\/","title":{"rendered":"Egy csod\u00e1latos elme"},"content":{"rendered":"<h2>Egy csod\u00e1latos elme<\/h2>\n<p>Ma megint r\u00e1tal\u00e1ltam egy csod\u00e1latos filmre, amelyet mindenkinek aj\u00e1nlok. M\u00e1r r\u00e9gebben is l\u00e1ttam a t\u00e9v\u00e9ben a c\u00edm\u00e9t, de valahogy nem gondoltam, hogy megn\u00e9zzem. Russel Crowe m\u00e9lt\u00e1n meg\u00e9rdemelte a legjobb f\u00e9rfi alak\u00edt\u00e1s\u00e9rt kapott Golden Globe-d\u00edjat.<\/p>\n<p><em><img loading=\"lazy\" decoding=\"async\" class=\"size-medium wp-image-1018 alignright\" src=\"http:\/\/www.zsokagondolatok.nhely.hu\/wp-content\/uploads\/2019\/08\/JohnForbesNash-200x144.jpg\" alt=\"\" width=\"200\" height=\"144\" srcset=\"http:\/\/www.zsokagondolatok.nhely.hu\/wp-content\/uploads\/2019\/08\/JohnForbesNash-200x144.jpg 200w, http:\/\/www.zsokagondolatok.nhely.hu\/wp-content\/uploads\/2019\/08\/JohnForbesNash-348x250.jpg 348w, http:\/\/www.zsokagondolatok.nhely.hu\/wp-content\/uploads\/2019\/08\/JohnForbesNash.jpg 644w\" sizes=\"auto, (max-width: 200px) 100vw, 200px\" \/>\u201eA film a&nbsp;Nobel-d\u00edjas John Forbes Nash&nbsp;amerikai matematikus \u00e9let\u00e9t mutatja be (hab\u00e1r t\u00f6rt\u00e9netileg nem hitelesen), akit&nbsp;Russell Crowe&nbsp;alak\u00edt. Az alkot\u00e1s&nbsp;2002-ben 4&nbsp;Oscart&nbsp;(k\u00f6zt\u00fck a legjobb film) \u00e9s 4&nbsp;Golden Globe-ot kapott.<\/em><\/p>\n<p><em>A sztori ott kezd\u0151dik, hogy a f\u0151szerepl\u0151 meg\u00e9rkezik a Princetoni Egyetemre, hogy matematik\u00e1t tanuljon. Nash nem \u00e9ppen t\u00e1rsas\u00e1gi ember \u00e9s m\u00e9g az \u00f3r\u00e1kra sem j\u00e1r be. M\u00e9gis \u00e9pp egy kocsm\u00e1ban j\u00f6n r\u00e1 \u00e9lete felfedez\u00e9s\u00e9re, mely megd\u00f6nti a m\u00e1r 150 \u00e9ve elfogadott Adam Smith-f\u00e9le j\u00e1t\u00e9kelm\u00e9letet. Innent\u0151l a karrierje felfel\u00e9 sz\u00e1guld. \u00d6szt\u00f6nd\u00edjat nyer az egyik legrangosabb egyetemre, s m\u00e9g tan\u00e1ri \u00e1ll\u00e1st is kap. De \u0151 nem el\u00e9gedett, ugyanis az akkort\u00e1jt zajl\u00f3 hidegh\u00e1bor\u00faban \u0151 is r\u00e9szt akar venni. V\u00e1gyai val\u00f3ra v\u00e1lnak, mikor a titokzatos William Parcher ellens\u00e9ges k\u00f3dok felt\u00f6r\u00e9s\u00e9re alkalmazza. Ek\u00f6zben megismerkedik Alici\u00e1val, aki eddig egy sz\u00e1m\u00e1ra ismeretlen fogalommal ismerteti meg: a szerelemmel. A sz\u00edvszor\u00edt\u00f3 dr\u00e1m\u00e1ban egy val\u00f3s szem\u00e9ly k\u00fczdelmeit ismerhetj\u00fck meg a betegs\u00e9ggel, emberekkel \u00e9s saj\u00e1t mag\u00e1val.\u201d&nbsp; &nbsp;<\/em><a href=\"https:\/\/hu.wikipedia.org\/wiki\/Egy_csod%C3%A1latos_elme\">https:\/\/hu.wikipedia.org\/wiki\/Egy_csod%C3%A1latos_elme<\/a><\/p>\n<p>P\u00e1r adat a tud\u00f3sr\u00f3l<em>: <\/em><\/p>\n<p><em>\u201eJohn Forbes Nash Jr.&nbsp;(1928. j\u00fanius 13. \u2013 2015. m\u00e1jus 23.) amerikai matematikus. A j\u00e1t\u00e9kelm\u00e9let ter\u00e9n el\u00e9rt kiemelked\u0151 eredm\u00e9nyei\u00e9rt 1994-ben megosztva megkapta a k\u00f6zgazdas\u00e1gi Alfred Nobel-eml\u00e9kd\u00edjat. (Abban az \u00e9vben rajta k\u00edv\u00fcl m\u00e9g ketten kapt\u00e1k meg a d\u00edjat, Reinhard Selten \u00e9s Hars\u00e1nyi J\u00e1nos.) M\u00e9gsem ez hozta meg neki a vil\u00e1gh\u00edrt, hanem az \u00e9let\u00e9t feldolgoz\u00f3 film, az Egy csod\u00e1latos elme, amely \u00fagy mutatja be mint g\u00e9niuszt, aki s\u00falyos paranoid skizofr\u00e9niaban szenved.\u201d<\/em><\/p>\n<p>Id\u00e9zet a John Forbes Nasht\u00f3l, melyet a filmben is elmond a Nobel-d\u00edj \u00e1tv\u00e9telekor. Sz\u00e1momra ez volt <strong>\u201eA t\u00f6rt\u00e9net\u201d.<\/strong><\/p>\n<p><em>\u201eMindig hittem a sz\u00e1mokban, az egyenletekben \u00e9s logik\u00e1ban, amely az okhoz vezet. De miut\u00e1n egy \u00e9leten \u00e1t ezt kutattam, azt k\u00e9rdezem: mi a logika? Ki d\u00f6nti el az okot? Kutat\u00e1som \u00e1tvitt a fizikain, a metafizikain, k\u00e1pr\u00e1zaton \u00e9s vissza. \u00c9s megtettem p\u00e1ly\u00e1m legfontosabb, \u00e9letem legfontosabb felfedez\u00e9s\u00e9t. Csak a szerelem rejt\u00e9lyes egyenleteiben lehet b\u00e1rmi logika vagy okozat. Csakis miattad vagyok itt ma! Te vagy az ok, ami\u00e9rt vagyok. Te vagy a magyar\u00e1zat. K\u00f6sz\u00f6n\u00f6m!&#8221;&nbsp;&nbsp;<\/em><a href=\"https:\/\/hu.wikiquote.org\/wiki\/John_Forbes_Nash\">https:\/\/hu.wikiquote.org\/wiki\/John_Forbes_Nash<\/a><\/p>\n<p>Ez a gondolat tulajdonk\u00e9ppen feles\u00e9g\u00e9nek sz\u00f3lt, aki kitartott mellette. B\u00e1r betegs\u00e9ge miatt elv\u00e1ltak, majd k\u00e9s\u0151bb \u00fajra \u00f6ssze h\u00e1zasodtak, feles\u00e9ge mindig seg\u00edtette, t\u00e1mogatta, b\u00e1tor\u00edtotta \u0151t. Mindent megtett, hogy k\u00f6nnyebben \u00e1tseg\u00edtse betegs\u00e9g\u00e9n, \u00e9s tov\u00e1bb folytassa \u00e9let\u00e9t.<\/p>\n<p>Soha nem gy\u00f3gyult ki betegs\u00e9g\u00e9b\u0151l, de feles\u00e9ge \u00e9s bar\u00e1tai seg\u00edts\u00e9g\u00e9vel siker\u00fclt megk\u00fczdenie vele. Sajnos 2015. m\u00e1jus 23-\u00e1n aut\u00f3balesetben 86 \u00e9vesen meghalt, az akkor 82 \u00e9ves feles\u00e9g\u00e9vel egy\u00fctt.<\/p>\n","protected":false},"excerpt":{"rendered":"<p>Egy csod\u00e1latos elme Ma megint r\u00e1tal\u00e1ltam egy csod\u00e1latos filmre, amelyet mindenkinek aj\u00e1nlok. M\u00e1r r\u00e9gebben is l\u00e1ttam a t\u00e9v\u00e9ben a c\u00edm\u00e9t, de valahogy nem gondoltam, hogy megn\u00e9zzem. Russel Crowe m\u00e9lt\u00e1n meg\u00e9rdemelte a legjobb f\u00e9rfi alak\u00edt\u00e1s\u00e9rt kapott Golden Globe-d\u00edjat. \u201eA film a&nbsp;Nobel-d\u00edjas John Forbes Nash&nbsp;amerikai matematikus \u00e9let\u00e9t mutatja &hellip;<\/p>\n","protected":false},"author":1,"featured_media":0,"parent":193,"menu_order":1,"comment_status":"open","ping_status":"closed","template":"","meta":{"footnotes":""},"class_list":["post-1016","page","type-page","status-publish","hentry"],"_links":{"self":[{"href":"http:\/\/www.zsokagondolatok.nhely.hu\/index.php\/wp-json\/wp\/v2\/pages\/1016","targetHints":{"allow":["GET"]}}],"collection":[{"href":"http:\/\/www.zsokagondolatok.nhely.hu\/index.php\/wp-json\/wp\/v2\/pages"}],"about":[{"href":"http:\/\/www.zsokagondolatok.nhely.hu\/index.php\/wp-json\/wp\/v2\/types\/page"}],"author":[{"embeddable":true,"href":"http:\/\/www.zsokagondolatok.nhely.hu\/index.php\/wp-json\/wp\/v2\/users\/1"}],"replies":[{"embeddable":true,"href":"http:\/\/www.zsokagondolatok.nhely.hu\/index.php\/wp-json\/wp\/v2\/comments?post=1016"}],"version-history":[{"count":9,"href":"http:\/\/www.zsokagondolatok.nhely.hu\/index.php\/wp-json\/wp\/v2\/pages\/1016\/revisions"}],"predecessor-version":[{"id":1350,"href":"http:\/\/www.zsokagondolatok.nhely.hu\/index.php\/wp-json\/wp\/v2\/pages\/1016\/revisions\/1350"}],"up":[{"embeddable":true,"href":"http:\/\/www.zsokagondolatok.nhely.hu\/index.php\/wp-json\/wp\/v2\/pages\/193"}],"wp:attachment":[{"href":"http:\/\/www.zsokagondolatok.nhely.hu\/index.php\/wp-json\/wp\/v2\/media?parent=1016"}],"curies":[{"name":"wp","href":"https:\/\/api.w.org\/{rel}","templated":true}]}}