{"id":1447,"date":"2022-01-28T18:09:20","date_gmt":"2022-01-28T18:09:20","guid":{"rendered":"http:\/\/www.zsokagondolatok.nhely.hu\/?page_id=1447"},"modified":"2022-03-09T13:57:44","modified_gmt":"2022-03-09T13:57:44","slug":"ujabb-film","status":"publish","type":"page","link":"http:\/\/www.zsokagondolatok.nhely.hu\/index.php\/aramszunet-alatt-olvassunk\/ujabb-film\/","title":{"rendered":"Boszork\u00e1nyok elveszett k\u00f6nyve"},"content":{"rendered":"\n<p class=\"has-text-align-left\"><img loading=\"lazy\" decoding=\"async\" width=\"500\" height=\"303\" class=\"wp-image-1448\" style=\"width: 500px;\" src=\"http:\/\/www.zsokagondolatok.nhely.hu\/wp-content\/uploads\/2022\/01\/a_boszorkanyok_elveszett_konyve_pinterest_fokep.jpg.webp\" alt=\"\" srcset=\"http:\/\/www.zsokagondolatok.nhely.hu\/wp-content\/uploads\/2022\/01\/a_boszorkanyok_elveszett_konyve_pinterest_fokep.jpg.webp 800w, http:\/\/www.zsokagondolatok.nhely.hu\/wp-content\/uploads\/2022\/01\/a_boszorkanyok_elveszett_konyve_pinterest_fokep.jpg-200x121.webp 200w, http:\/\/www.zsokagondolatok.nhely.hu\/wp-content\/uploads\/2022\/01\/a_boszorkanyok_elveszett_konyve_pinterest_fokep.jpg-768x466.webp 768w, http:\/\/www.zsokagondolatok.nhely.hu\/wp-content\/uploads\/2022\/01\/a_boszorkanyok_elveszett_konyve_pinterest_fokep.jpg-500x303.webp 500w\" sizes=\"auto, (max-width: 500px) 100vw, 500px\" \/> <\/p>\n\n\n\n<p>\u00dajra r\u00e1tal\u00e1ltam egy filmre, illetve sorozatra, ami teljesen felvillanyozott. Ez m\u00e1s jelleg\u0171, mint amilyeneket eddig n\u00e9ztem. L\u00e1ttam m\u00e1r p\u00e1r v\u00e1mp\u00edros, boszork\u00e1nyos filmet, pl. az Alkonyat \u00f6sszes r\u00e9sz\u00e9t v\u00e9gig n\u00e9ztem, tetszett is, de nem k\u00f6t\u00f6tt le annyira, hogy s\u00fcrg\u0151sen meg akarjam n\u00e9zni a tov\u00e1bbi r\u00e9szeit.<\/p>\n\n\n\n<p class=\"has-text-align-left\">Mivel \u00e9jszaka el\u00e9g sokat \u00e9bren vagyok, az alv\u00e1s n\u00e9lk\u00fcli id\u0151szakokat t\u00e9v\u00e9 n\u00e9z\u00e9ssel t\u00f6lt\u00f6m. \u00cdgy tal\u00e1ltam r\u00e1 valamelyik csatorn\u00e1n, a Boszork\u00e1nyok elveszett k\u00f6nyve c\u00edm\u0171 filmre, szerencs\u00e9re \u00e9ppen az els\u0151 \u00e9vad, els\u0151 r\u00e9sz\u00e9t adt\u00e1k. <\/p>\n\n\n\n<p class=\"has-text-align-left\">Az\u00f3ta sem tal\u00e1ltam a k\u00f6vetkez\u0151 r\u00e9sz\u00e9t a t\u00e9v\u00e9csatorn\u00e1kon, lehet csak elker\u00fclte a figyelmemet, viszont van a neten t\u00f6bb ingyenes filmn\u00e9z\u00e9si lehet\u0151s\u00e9g. Egyiken m\u00e1r am\u00fagy is regisztr\u00e1lva vagyok, r\u00e1 kerestem. H\u00e1rom \u00e9jszaka alatt v\u00e9gig n\u00e9ztem az eddig megjelent 2 \u00e9vad 18 r\u00e9sz\u00e9t.<\/p>\n\n\n\n<p>A t\u00f6rt\u00e9net 2018-ban kezd\u0151dik, illetve j\u00e1tsz\u00f3dik, ahol a boszork\u00e1nyok, v\u00e1mp\u00edrok \u00e9s d\u00e9monok pr\u00f3b\u00e1lnak \u00e9lni az emberek k\u00f6z\u00f6tt, akik nem is tudj\u00e1k, hogy nem csak emberek \u00e9lnek a f\u00f6ld\u00f6n. A k\u00e9t f\u0151szerepl\u0151, a Matthew v\u00e1mp\u00edr, Diana boszork\u00e1ny, kettej\u00fck kapcsolat\u00e1r\u00f3l, kialakul\u00f3 szerelm\u00e9r\u0151l sz\u00f3l a t\u00f6rt\u00e9net. Ez persze nem egyszer\u0171 szerelmi t\u00f6rt\u00e9net, mert kapcsolatukat nem n\u00e9zi j\u00f3 szemmel a t\u00f6bbi boszork\u00e1ny, v\u00e1mp\u00edr \u00e9s d\u00e9mon, mivel tilos a fajok k\u00f6z\u00f6tti kapcsolat. R\u00e1ad\u00e1sul Diana az egyetemi k\u00f6nyvt\u00e1rban r\u00e1tal\u00e1l egy r\u00e9gen elveszettnek hitt, \u0151si, m\u00e1gikus k\u00f6nyvre, amellyel v\u00e1laszt kaphatnak a fajok eredet\u00e9re.<\/p>\n\n\n\n<p>Az\u00e9rt, hogy megkeress\u00e9k a k\u00f6nyvet, vissza kell menni\u00fck 1590-be, ahol Diana az erej\u00e9t is megismeri \u00e9s megtan\u00edtj\u00e1k haszn\u00e1lni is. Kalandok, k\u00fczdelmek, v\u00e1rnak r\u00e1juk, hiszen mindenhol d\u00fal a boszork\u00e1nyok \u00fcld\u00f6z\u00e9se.<\/p>\n\n\n\n<p>Mint szinte minden k\u00f6nyvnek, filmnek van mondanival\u00f3ja, ennek is van. S\u0151t, nem csak 2018-ban \u00e9rv\u00e9nyes, hanem most, 2022-ben is.<\/p>\n\n\n\n<p>Ez a film r\u00e1mutat arra, hogy ne \u00edt\u00e9lkezz\u00fcnk arr\u00f3l, amit nem ismer\u00fcnk. Fogadjuk el a m\u00e1sik embert olyannak, amilyen. L\u00e1ssuk be, nem \u00e9l\u00fcnk, gondolkodunk egyform\u00e1n, de \u00edgy kerek-eg\u00e9sz a vil\u00e1g. Nem sz\u00e1m\u00edt, milyenek vagyunk, milyen a b\u0151r\u00fcnk sz\u00edne, a vall\u00e1sunk, a politikai n\u00e9zet\u00fcnk, mindny\u00e1jan ugyanazt akarjuk: b\u00e9k\u00e9ben \u00e9lni egym\u00e1s mellett.<\/p>\n\n\n\n<p>Meg kell tanulnunk b\u00edzni egym\u00e1sban, ahogy Matthew \u00e9s Diana b\u00edzik egym\u00e1sban. Kettej\u00fck kapcsolata a t\u00f6k\u00e9letes bizalmon, \u0151szintes\u00e9gen \u00e9s szereteten alapul. A boszork\u00e1ny teljes m\u00e9rt\u00e9kben megb\u00edzik a v\u00e1mp\u00edrban, pedig az b\u00e1rmikor meg\u00f6lhetn\u00e9 \u0151t. B\u00edzik benne \u00e9s szerelm\u00e9ben, tudja, hogy az soha nem b\u00e1ntan\u00e1, ahogy \u0151 sem b\u00e1ntan\u00e1 a f\u00e9rfit.<\/p>\n\n\n\n<p>Matthew soha nem hazudik Dian\u00e1nak a m\u00faltj\u00e1r\u00f3l, \u0151szint\u00e9n besz\u00e9l, m\u00e9g a borzalmas tetteir\u0151l is.&nbsp; Ez az \u0151szintes\u00e9g, bizalom \u00e9s szeretet hi\u00e1nyzik bel\u0151l\u00fcnk, hiszen sokszor hazudunk, csalunk, hogy el\u00e9rj\u00fcnk valamit, hogy hatalmunk legyen.<\/p>\n\n\n\n<p>Akkor m\u00e9g hitele volt az adott sz\u00f3nak, ahogy tudtommal n\u00e1lunk is, m\u00e9g az \u00e9vsz\u00e1zad elej\u00e9n. Ha valamit meg\u00edg\u00e9rtek, azt megtartott\u00e1k, m\u00e9g ha nem is tetszett.<\/p>\n\n\n\n<p>A csal\u00e1d minden faj sz\u00e1m\u00e1ra a legfontosabb. Matthew anyja befogadja, elfogadja a boszork\u00e1nyt, hiszen neki a fia boldogs\u00e1ga, \u00e9lete a legfontosabb. Ellenszeg\u00fcl a t\u00f6bbi v\u00e1mp\u00edrral \u00e9s boszork\u00e1nnyal, hogy megv\u00e9dje kettej\u00fcket, hiszen Dian\u00e1t l\u00e1ny\u00e1nak tekinti.<\/p>\n\n\n\n<p>D\u00e9mon \u00e9s boszork\u00e1ny p\u00e1ros is szerepel a t\u00f6rt\u00e9netben, az \u0151 szerep\u00fck is fontos a k\u00e9t f\u0151szerepl\u0151 \u00e9let\u00e9ben. D\u00e9mon f\u00e9rfi \u00e9s n\u0151nek, boszork\u00e1ny gyermeke sz\u00fcletik, akit a boszork\u00e1nyok el akarnak venni sz\u00fcleikt\u0151l, hogy \u0151k nevelj\u00e9k. A f\u00e9rfi d\u00e9mon \u00e9desanyja a nagytan\u00e1cs vezet\u0151 tagja, de a gyermeke \u00e9s annak csal\u00e1dja p\u00e1rtj\u00e1ra \u00e1ll, nem a mindent eld\u00f6nt\u0151, mindent ir\u00e1ny\u00edtani akar\u00f3 nagytan\u00e1csot seg\u00edti.<\/p>\n\n\n\n<p>A filmben j\u00e1tsz\u00f3 sz\u00edn\u00e9szek j\u00e1t\u00e9ka szerintem t\u00f6k\u00e9letes. Matthew \u00e9s Diana arcj\u00e1t\u00e9ka, mozdulatai t\u00fckr\u00f6zik \u00e9rz\u00e9seiket, gondolataikat. Matthew k\u00f6zelr\u0151l f\u00e9nyk\u00e9pezett arc\u00e1n l\u00e1tni a v\u00e9gtelen szerelmet, gyeng\u00e9ds\u00e9get Diana ir\u00e1nt, de ugyan\u00fagy l\u00e1tni az \u00e1ldozat\u00e1ra lecsap\u00f3, v\u00e9rszomjas v\u00e1mp\u00edrt is. L\u00e1tni a gy\u00f6trelmet, k\u00e9ts\u00e9get, amikor a v\u00e9rszomj\u00e1t pr\u00f3b\u00e1lja lek\u00fczdeni Diana szeretet\u00e9nek, kedvess\u00e9g\u00e9nek seg\u00edts\u00e9g\u00e9vel.<\/p>\n\n\n\n<p>Diana kezdett\u0151l fogva t\u00f6k\u00e9letesen megb\u00edzik a v\u00e1mp\u00edrban. Semmilyen f\u00e9lelem nincs benne, mintha sok-sok \u00e9ve ismern\u00e9 m\u00e1r. B\u00edzik a f\u00e9rfiban, m\u00e9g akkor is, amikor az, a v\u00e9rszomj\u00e1n pr\u00f3b\u00e1l uralkodni. Kedvesen, szerelemmel k\u00f6zeledik hozz\u00e1, hiszen egy gyors, v\u00e1ratlan mozdulat az \u00e9let\u00e9be is ker\u00fclhet. Nem f\u00e9lelemb\u0151l teszi, hanem szerelemmel, bizalommal. Az \u0151 arc\u00e1n, mozdulatain is l\u00e1tszik mindez. A t\u00f6rt\u00e9net elej\u00e9n megpr\u00f3b\u00e1l ellen\u00e1llni var\u00e1zserej\u00e9nek, \u00e1toknak tekinti, hiszen \u0151 csak \u201eember\u201d akar lenni. V\u00e9g\u00fcl r\u00e1j\u00f6n, nincs v\u00e1laszt\u00e1sa, meg kell tanulnia haszn\u00e1lni, hogy megmentse a fajokat a kihal\u00e1st\u00f3l.<\/p>\n\n\n\n<p>Sajnos csak 2 \u00e9vadot tudtam megn\u00e9zni, \u00edgy megvettem a k\u00f6nyveket, ami h\u00e1rom k\u00f6tetb\u0151l \u00e1ll. Az utols\u00f3val kezdem, mert tudni akarom, hogyan k\u00fczdenek meg az \u00e1lnok f\u0151boszork\u00e1nnyal, aki b\u00e1rkit meg\u00f6l, hogy hozz\u00e1jusson az \u00e9rt\u00e9kes k\u00f6nyvh\u00f6z \u00e9s f\u0151leg a hatalomhoz. B\u00e9k\u00e9t tudnak-e hozni a fajok k\u00f6z\u00f6tt, hogy egy\u00fctt tudjon \u00e9lni v\u00e1mp\u00edr, boszork\u00e1ny, d\u00e9mon \u00e9s ember?<\/p>\n\n\n\n<p>Mi, emberek, vajon megpr\u00f3b\u00e1ljuk valaha? Egy\u00fctt tud \u00e9lni feh\u00e9r, n\u00e9ger \u00e9s cig\u00e1ny? Egy\u00fctt tud \u00e9lni kereszt\u00e9ny, zsid\u00f3 \u00e9s muszlim? Egy\u00fctt tud \u00e9lni jobb \u00e9s bal oldali politikai be\u00e1ll\u00edtotts\u00e1g\u00fa?<\/p>\n","protected":false},"excerpt":{"rendered":"<p>\u00dajra r\u00e1tal\u00e1ltam egy filmre, illetve sorozatra, ami teljesen felvillanyozott. Ez m\u00e1s jelleg\u0171, mint amilyeneket eddig n\u00e9ztem. L\u00e1ttam m\u00e1r p\u00e1r v\u00e1mp\u00edros, boszork\u00e1nyos filmet, pl. az Alkonyat \u00f6sszes r\u00e9sz\u00e9t v\u00e9gig n\u00e9ztem, tetszett is, de nem k\u00f6t\u00f6tt le annyira, hogy s\u00fcrg\u0151sen meg akarjam n\u00e9zni a tov\u00e1bbi r\u00e9szeit. Mivel \u00e9jszaka &hellip;<\/p>\n","protected":false},"author":1,"featured_media":0,"parent":193,"menu_order":0,"comment_status":"closed","ping_status":"closed","template":"","meta":{"footnotes":""},"class_list":["post-1447","page","type-page","status-publish","hentry"],"_links":{"self":[{"href":"http:\/\/www.zsokagondolatok.nhely.hu\/index.php\/wp-json\/wp\/v2\/pages\/1447","targetHints":{"allow":["GET"]}}],"collection":[{"href":"http:\/\/www.zsokagondolatok.nhely.hu\/index.php\/wp-json\/wp\/v2\/pages"}],"about":[{"href":"http:\/\/www.zsokagondolatok.nhely.hu\/index.php\/wp-json\/wp\/v2\/types\/page"}],"author":[{"embeddable":true,"href":"http:\/\/www.zsokagondolatok.nhely.hu\/index.php\/wp-json\/wp\/v2\/users\/1"}],"replies":[{"embeddable":true,"href":"http:\/\/www.zsokagondolatok.nhely.hu\/index.php\/wp-json\/wp\/v2\/comments?post=1447"}],"version-history":[{"count":8,"href":"http:\/\/www.zsokagondolatok.nhely.hu\/index.php\/wp-json\/wp\/v2\/pages\/1447\/revisions"}],"predecessor-version":[{"id":1476,"href":"http:\/\/www.zsokagondolatok.nhely.hu\/index.php\/wp-json\/wp\/v2\/pages\/1447\/revisions\/1476"}],"up":[{"embeddable":true,"href":"http:\/\/www.zsokagondolatok.nhely.hu\/index.php\/wp-json\/wp\/v2\/pages\/193"}],"wp:attachment":[{"href":"http:\/\/www.zsokagondolatok.nhely.hu\/index.php\/wp-json\/wp\/v2\/media?parent=1447"}],"curies":[{"name":"wp","href":"https:\/\/api.w.org\/{rel}","templated":true}]}}