{"id":193,"date":"2019-02-19T16:29:49","date_gmt":"2019-02-19T16:29:49","guid":{"rendered":"http:\/\/www.zsokagondolatok.nhely.hu\/?page_id=193"},"modified":"2019-08-26T18:22:06","modified_gmt":"2019-08-26T18:22:06","slug":"aramszunet-alatt-olvassunk","status":"publish","type":"page","link":"http:\/\/www.zsokagondolatok.nhely.hu\/index.php\/aramszunet-alatt-olvassunk\/","title":{"rendered":"K\u00f6nyv &#8230; Film &#8230;"},"content":{"rendered":"<h3>\u00c1ramsz\u00fcnet alatt olvassunk&#8230;<\/h3>\n\n\n<p>Mi mindenre j\u00f3, ha hossz\u00fa ideig \u00e1ramsz\u00fcnet van a lak\u00e1sban? Vas\u00e1rnap sz\u00e9lvihar volt, sajnos el\u00e9g nagy rombol\u00e1st csin\u00e1lt a lak\u00f3helyemen, f\u00e1kat, villanyp\u00f3zn\u00e1kat d\u00f6nt\u00f6tt ki. A takar\u00edt\u00e1ssal v\u00e9geztem, a vacsora f\u00e9lig k\u00e9szen v\u00e1rta, hogy v\u00e9gre legyen egy kev\u00e9s f\u00e9ny. \u00dagy d\u00f6nt\u00f6ttem, olvasni fogok, am\u00edg nagyj\u00e1b\u00f3l vil\u00e1gos van a lak\u00e1sban. Keresg\u00e9l\u00e9s ut\u00e1n r\u00e1bukkantam egy, m\u00e9g \u00e9v elej\u00e9n megrendelt k\u00f6nyvre, amelynek elolvas\u00e1s\u00e1t halogattam. Nem az\u00e9rt, mert \u00fagy gondoltam, hogy nem fog lek\u00f6tni, hanem \u00fagy \u00e9reztem, a t\u00f6rt\u00e9net plusz odafigyel\u00e9st fog ig\u00e9nyelni. &nbsp;Egy r\u00f6vid szemelv\u00e9nyt m\u00e1r olvastam bel\u0151le egy havi lapban, ez keltette fel a figyelmemet a k\u00f6nyvre.<\/p>\n\n\n\n<div class=\"wp-block-image\"><figure class=\"alignright is-resized\"><img loading=\"lazy\" decoding=\"async\" src=\"http:\/\/www.zsokagondolatok.nhely.hu\/wp-content\/uploads\/2019\/02\/books-243434_1280.png\" alt=\"\" class=\"wp-image-195\" width=\"198\" height=\"172\" srcset=\"http:\/\/www.zsokagondolatok.nhely.hu\/wp-content\/uploads\/2019\/02\/books-243434_1280.png 787w, http:\/\/www.zsokagondolatok.nhely.hu\/wp-content\/uploads\/2019\/02\/books-243434_1280-300x260.png 300w, http:\/\/www.zsokagondolatok.nhely.hu\/wp-content\/uploads\/2019\/02\/books-243434_1280-768x667.png 768w\" sizes=\"auto, (max-width: 198px) 100vw, 198px\" \/><\/figure><\/div>\n\n\n\n<p>Ahogy egyik el\u0151z\u0151 \u00edr\u00e1som egy filmr\u0151l sz\u00f3l, de nem filmkritikak\u00e9nt, ezt\nsem k\u00f6nyvkritikak\u00e9nt mes\u00e9lem el. A k\u00f6nyv, amit olyan gyorsan, letehetetlen\u00fcl\nelolvastam egyetlen d\u00e9lut\u00e1n alatt \u2013 v\u00e9ge fel\u00e9 zsebl\u00e1mpa f\u00e9ny\u00e9n\u00e9l, mivel m\u00e9g\nmindig nem volt villany \u2013 olvastam el, Anna Erelle: A dzsih\u00e1d jegyese c\u00edm\u0171\nm\u0171ve. <\/p>\n\n\n\n<p>Egy francia \u00fajs\u00e1g\u00edr\u00f3n\u0151 oknyomoz\u00f3 riportja egy, az Iszl\u00e1m \u00c1llam bels\u0151\nk\u00f6reihez tartoz\u00f3 egyik terroristavez\u00e9rrel val\u00f3 \u201ekapcsolat\u00e1t\u201d \u00edrja le, a\nmegismerked\u00e9s\u00fckt\u0151l, a riport elk\u00e9sz\u00fclt\u00e9nek v\u00e9g\u00e9ig.&nbsp; Ebb\u0151l a lebilincsel\u0151, igaz t\u00f6rt\u00e9netb\u0151l\nmegtudhatjuk, mi\u00e9rt olyan vonz\u00f3 sok fiatalnak, k\u00f6zt\u00fck n\u0151knek a sz\u00e9ls\u0151s\u00e9ges\nn\u00e9zetek \u00e9s hogyan cs\u00e1b\u00edtja mag\u00e1hoz, form\u00e1lja \u00e1t, manipul\u00e1lja az Iszl\u00e1m \u00c1llam a\nfiatal n\u0151ket. A t\u00f6rt\u00e9net 2014 tavasz\u00e1n, egy k\u00f6z\u00f6ss\u00e9gi oldalon kezd\u0151dik, az\n\u00fajs\u00e1g\u00edr\u00f3n\u0151 \u00e1ln\u00e9ven arra pr\u00f3b\u00e1l r\u00e1 j\u00f6nni, hogyan pr\u00f3b\u00e1lja az Iszl\u00e1m \u00c1llam mag\u00e1hoz\nvonzani a fiatalokat az interneten kereszt\u00fcl. Sajnos, nagyon sokszor sikerrel\nj\u00e1rnak. Az \u00fajs\u00e1g\u00edr\u00f3n\u0151 most \u00e1lland\u00f3 rend\u0151ri fel\u00fcgyelet alatt \u00e9l, mivel az\u00f3ta az\nIszl\u00e1m \u00c1llam \u00fcld\u00f6zi, hal\u00e1llal fenyegetik.<\/p>\n\n\n\n<p>Sz\u00f3val, nagyon nehezen kezdtem el a k\u00f6nyv olvas\u00e1s\u00e1t, de amikor\nelkezdtem, nem tudtam abba hagyni. Az \u00fajs\u00e1g\u00edr\u00f3n\u0151 nagy kock\u00e1zatot v\u00e1llalt ezzel\na riporttal, hiszen v\u00e9g\u00fcl is h\u00fcly\u00e9t csin\u00e1lt egy terroristavez\u00e9rb\u0151l, aki\nbossz\u00fab\u00f3l hal\u00e1llal fenyegeti. <\/p>\n\n\n\n<p>Ezt a k\u00f6nyvet olvasva, elgondolkodtam. Azok az \u00fajs\u00e1g\u00edr\u00f3k, riporterek,\nakik a h\u00e1bor\u00fas \u00f6vezetben tud\u00f3s\u00edtanak \u00e9s azok, akik oknyomoz\u00f3k\u00e9nt megpr\u00f3b\u00e1lnak\nel\u00e9rni, k\u00fcl\u00f6nb\u00f6z\u0151 k\u00e9tes elemeket \u00e9s az eg\u00e9sz vil\u00e1g \u00e1ltal k\u00f6r\u00f6z\u00f6tt\nterrorist\u00e1kat, milyen vesz\u00e9lyeket v\u00e1llalnak magukra. Igaz\u00e1b\u00f3l azt hiszem, erre\nsokan nem gondolnak. Soha nem jutott eszembe, hogy az \u00e9let\u00fcket kock\u00e1ztatj\u00e1k.\nM\u00e9g akkor sem, amikor a h\u00edrekben azt olvassuk, hogy elraboltak, meg\u00f6ltek\n\u00fajs\u00e1g\u00edr\u00f3kat. Nem biztos, hogy haza j\u00f6nnek a csal\u00e1djukhoz, pedig \u201eCSAK\u201d a\nmunk\u00e1jukat v\u00e9gzik. Tisztelem \u0151ket.<\/p>\n","protected":false},"excerpt":{"rendered":"<p>\u00c1ramsz\u00fcnet alatt olvassunk&#8230; Mi mindenre j\u00f3, ha hossz\u00fa ideig \u00e1ramsz\u00fcnet van a lak\u00e1sban? Vas\u00e1rnap sz\u00e9lvihar volt, sajnos el\u00e9g nagy rombol\u00e1st csin\u00e1lt a lak\u00f3helyemen, f\u00e1kat, villanyp\u00f3zn\u00e1kat d\u00f6nt\u00f6tt ki. A takar\u00edt\u00e1ssal v\u00e9geztem, a vacsora f\u00e9lig k\u00e9szen v\u00e1rta, hogy v\u00e9gre legyen egy kev\u00e9s f\u00e9ny. \u00dagy d\u00f6nt\u00f6ttem, olvasni fogok, am\u00edg &hellip;<\/p>\n","protected":false},"author":1,"featured_media":0,"parent":0,"menu_order":0,"comment_status":"open","ping_status":"closed","template":"","meta":{"footnotes":""},"class_list":["post-193","page","type-page","status-publish","hentry"],"_links":{"self":[{"href":"http:\/\/www.zsokagondolatok.nhely.hu\/index.php\/wp-json\/wp\/v2\/pages\/193","targetHints":{"allow":["GET"]}}],"collection":[{"href":"http:\/\/www.zsokagondolatok.nhely.hu\/index.php\/wp-json\/wp\/v2\/pages"}],"about":[{"href":"http:\/\/www.zsokagondolatok.nhely.hu\/index.php\/wp-json\/wp\/v2\/types\/page"}],"author":[{"embeddable":true,"href":"http:\/\/www.zsokagondolatok.nhely.hu\/index.php\/wp-json\/wp\/v2\/users\/1"}],"replies":[{"embeddable":true,"href":"http:\/\/www.zsokagondolatok.nhely.hu\/index.php\/wp-json\/wp\/v2\/comments?post=193"}],"version-history":[{"count":6,"href":"http:\/\/www.zsokagondolatok.nhely.hu\/index.php\/wp-json\/wp\/v2\/pages\/193\/revisions"}],"predecessor-version":[{"id":1037,"href":"http:\/\/www.zsokagondolatok.nhely.hu\/index.php\/wp-json\/wp\/v2\/pages\/193\/revisions\/1037"}],"wp:attachment":[{"href":"http:\/\/www.zsokagondolatok.nhely.hu\/index.php\/wp-json\/wp\/v2\/media?parent=193"}],"curies":[{"name":"wp","href":"https:\/\/api.w.org\/{rel}","templated":true}]}}