{"id":38,"date":"2019-02-16T14:33:37","date_gmt":"2019-02-16T14:33:37","guid":{"rendered":"http:\/\/www.zsokagondolatok.nhely.hu\/?page_id=38"},"modified":"2022-01-05T16:14:04","modified_gmt":"2022-01-05T16:14:04","slug":"38-2","status":"publish","type":"page","link":"http:\/\/www.zsokagondolatok.nhely.hu\/","title":{"rendered":"Csak le\u00edrom&#8230;"},"content":{"rendered":"<p>Mi\u00e9rt hoztam l\u00e9tre ezt a blogot? Rengeteg dolog \u00e9rdekel, v\u00e9lem\u00e9nyem van, b\u00e1r n\u00e9ha jobbnak tartom, ha megtartom magamnak. Na, nem az\u00e9rt, mert nem merem kimondani, hanem az\u00e9rt, mert el akarom ker\u00fclni az esetleges vit\u00e1kat, veszeked\u00e9seket. Szeretek olvasni, keresztrejtv\u00e9nyt fejteni. Szeretem a j\u00f3 filmeket, f\u0151leg a krimiket, \u00e9s ami kicsit romantikus. Kedvencem a M\u00famia sorozat \u00e9s Agatha Christie Poirotja \u00e9s Miss Marple filmjei. Hopp\u00e1, Agatha Christie \u00edr\u00e1sai nem igaz\u00e1n romantikusak, de im\u00e1dom. Szeretek \u00edrni, ez\u00e9rt is kezdtem a blog\u00edr\u00e1sba.<\/p>\n<p>Nem csak saj\u00e1t gondolataimat osztom meg, hanem amit hallok ismer\u0151s\u00f6kt\u0151l, olvasok megb\u00edzhat\u00f3 oldalakon, amelyekhez hozz\u00e1 f\u0171z\u00f6m saj\u00e1t agg\u00e1lyaimat, k\u00e9ts\u00e9geimet, tud\u00e1somat, t\u00f6rt\u00e9netemet. Sz\u00f3val arr\u00f3l \u00edrok, ami \u00e9ppen eszembe jut, ami foglalkoztat. \u00cdr\u00e1saimban nincs rendszer, nem \u00edrok naponta, hetente, lehet k\u00e9t \u00edr\u00e1som k\u00f6z\u00f6tt eltelik t\u00f6bb nap, vagy h\u00e9t is.<\/p>\n<p>Nincs olyan, hogy adott egy t\u00e9ma \u00e9s arr\u00f3l \u00edrok t\u00f6bb oldalon, t\u00f6bb h\u00e9ten, h\u00f3napon kereszt\u00fcl, m\u00edg teljesen ki nem \u00edrok r\u00f3la mindent. Arr\u00f3l \u00edrok, ami \u00e9ppen eszembe jut, ami foglalkoztat. Term\u00e9szetesen igyekszem s\u0171r\u0171bben \u00edrni valamir\u0151l. Ha nektek is van v\u00e9lem\u00e9nyetek, t\u00f6rt\u00e9netetek, gondolataitok, \u00e9s szeretn\u00e9tek megosztani m\u00e1sokkal, akkor \u00edrj\u00e1tok meg.<\/p>\n","protected":false},"excerpt":{"rendered":"<p>Mi\u00e9rt hoztam l\u00e9tre ezt a blogot? Rengeteg dolog \u00e9rdekel, v\u00e9lem\u00e9nyem van, b\u00e1r n\u00e9ha jobbnak tartom, ha megtartom magamnak. Na, nem az\u00e9rt, mert nem merem kimondani, hanem az\u00e9rt, mert el akarom ker\u00fclni az esetleges vit\u00e1kat, veszeked\u00e9seket. Szeretek olvasni, keresztrejtv\u00e9nyt fejteni. Szeretem a j\u00f3 filmeket, f\u0151leg a krimiket, &hellip;<\/p>\n","protected":false},"author":1,"featured_media":0,"parent":0,"menu_order":0,"comment_status":"closed","ping_status":"closed","template":"","meta":{"footnotes":""},"class_list":["post-38","page","type-page","status-publish","hentry"],"_links":{"self":[{"href":"http:\/\/www.zsokagondolatok.nhely.hu\/index.php\/wp-json\/wp\/v2\/pages\/38","targetHints":{"allow":["GET"]}}],"collection":[{"href":"http:\/\/www.zsokagondolatok.nhely.hu\/index.php\/wp-json\/wp\/v2\/pages"}],"about":[{"href":"http:\/\/www.zsokagondolatok.nhely.hu\/index.php\/wp-json\/wp\/v2\/types\/page"}],"author":[{"embeddable":true,"href":"http:\/\/www.zsokagondolatok.nhely.hu\/index.php\/wp-json\/wp\/v2\/users\/1"}],"replies":[{"embeddable":true,"href":"http:\/\/www.zsokagondolatok.nhely.hu\/index.php\/wp-json\/wp\/v2\/comments?post=38"}],"version-history":[{"count":15,"href":"http:\/\/www.zsokagondolatok.nhely.hu\/index.php\/wp-json\/wp\/v2\/pages\/38\/revisions"}],"predecessor-version":[{"id":1256,"href":"http:\/\/www.zsokagondolatok.nhely.hu\/index.php\/wp-json\/wp\/v2\/pages\/38\/revisions\/1256"}],"wp:attachment":[{"href":"http:\/\/www.zsokagondolatok.nhely.hu\/index.php\/wp-json\/wp\/v2\/media?parent=38"}],"curies":[{"name":"wp","href":"https:\/\/api.w.org\/{rel}","templated":true}]}}